{"id":368,"date":"2024-01-04T23:21:56","date_gmt":"2024-01-05T04:21:56","guid":{"rendered":"https:\/\/www.hsotto.ca\/work\/memorial\/?page_id=368"},"modified":"2024-09-15T16:16:39","modified_gmt":"2024-09-15T20:16:39","slug":"accueil","status":"publish","type":"page","link":"https:\/\/memoriadelpozo.uqam.ca\/fr\/","title":{"rendered":"Accueil"},"content":{"rendered":"<p>Ce site a \u00e9t\u00e9 con\u00e7u en souvenir des Chiliens et des Chiliennes qui, pour diff\u00e9rentes raisons, ont d\u00fb quitter leur pays d&rsquo;origine et sont arriv\u00e9s au Qu\u00e9bec, o\u00f9 ils ont v\u00e9cu et sont morts. Ont \u00e9t\u00e9 aussi consid\u00e9r\u00e9s ceux et celles qui ont fini leur vie au Chili, ou ailleurs. Ce projet aidera \u00e0 pr\u00e9server la m\u00e9moire collective des Chiliens-nes qui ont r\u00e9sid\u00e9 \u00e0 l\u2019ext\u00e9rieur, dont la pr\u00e9sence a augment\u00e9 de fa\u00e7on exponentielle depuis le coup d\u2019\u00c9tat de 1973, et ce, \u00e0 travers le monde.   <\/p>\n<p>Le site sera une source d\u2019information pour les amis et membres de la famille, qui r\u00e9sident dans divers pays et peuvent \u00eatre int\u00e9ress\u00e9s \u00e0 s\u2019informer sur ceux et celles qui sont partis vivre au Qu\u00e9bec. Il constituera aussi un outil scientifique, puisque les donn\u00e9es des personnes pourront \u00eatre utilis\u00e9es pour des \u00e9tudes \u00e0 caract\u00e8re historique ou sociologique. <\/p>\n<p>Memoria Chili-Qu\u00e9bec a \u00e9t\u00e9 con\u00e7u et mis en oeuvre par Jos\u00e9 Del Pozo, professeur associ\u00e9 au d\u00e9partement d&rsquo;histoire, UQAM. Le site a \u00e9t\u00e9 r\u00e9alis\u00e9 par l&rsquo;architecte Hern\u00e1n Sottolichio, dont la g\u00e9n\u00e9reuse collaboration et l&rsquo;int\u00e9r\u00eat envers le projet ont constitu\u00e9 un apport essentiel. La photo du cimeti\u00e8re de Charlevoix sous la neige a \u00e9t\u00e9 une courtoisie du photographe V\u00edctor D\u00edaz Lamich, \u00e0 qui j&rsquo;exprime mes remerciements.  <\/p>\n","protected":false},"excerpt":{"rendered":"<p>Ce site a \u00e9t\u00e9 con\u00e7u en souvenir des Chiliens et des Chiliennes qui, pour diff\u00e9rentes raisons, ont d\u00fb quitter leur pays d&rsquo;origine et sont arriv\u00e9s au Qu\u00e9bec, o\u00f9 ils ont v\u00e9cu et sont morts. Ont \u00e9t\u00e9 aussi consid\u00e9r\u00e9s ceux et celles qui ont fini leur vie au Chili, ou ailleurs. Ce projet aidera \u00e0 pr\u00e9server<a class=\"excerpt-read-more\" href=\"https:\/\/memoriadelpozo.uqam.ca\/fr\/\" title=\"ReadAccueil\">&#8230; Read more &raquo;<\/a><\/p>\n","protected":false},"author":1,"featured_media":1117,"parent":0,"menu_order":0,"comment_status":"closed","ping_status":"closed","template":"template-front-page.php","meta":{"_acf_changed":false,"footnotes":""},"class_list":["post-368","page","type-page","status-publish","has-post-thumbnail","hentry"],"acf":[],"_links":{"self":[{"href":"https:\/\/memoriadelpozo.uqam.ca\/fr\/wp-json\/wp\/v2\/pages\/368","targetHints":{"allow":["GET"]}}],"collection":[{"href":"https:\/\/memoriadelpozo.uqam.ca\/fr\/wp-json\/wp\/v2\/pages"}],"about":[{"href":"https:\/\/memoriadelpozo.uqam.ca\/fr\/wp-json\/wp\/v2\/types\/page"}],"author":[{"embeddable":true,"href":"https:\/\/memoriadelpozo.uqam.ca\/fr\/wp-json\/wp\/v2\/users\/1"}],"replies":[{"embeddable":true,"href":"https:\/\/memoriadelpozo.uqam.ca\/fr\/wp-json\/wp\/v2\/comments?post=368"}],"version-history":[{"count":13,"href":"https:\/\/memoriadelpozo.uqam.ca\/fr\/wp-json\/wp\/v2\/pages\/368\/revisions"}],"predecessor-version":[{"id":793,"href":"https:\/\/memoriadelpozo.uqam.ca\/fr\/wp-json\/wp\/v2\/pages\/368\/revisions\/793"}],"wp:featuredmedia":[{"embeddable":true,"href":"https:\/\/memoriadelpozo.uqam.ca\/fr\/wp-json\/wp\/v2\/media\/1117"}],"wp:attachment":[{"href":"https:\/\/memoriadelpozo.uqam.ca\/fr\/wp-json\/wp\/v2\/media?parent=368"}],"curies":[{"name":"wp","href":"https:\/\/api.w.org\/{rel}","templated":true}]}}