{"id":337,"date":"2024-06-20T12:30:27","date_gmt":"2024-06-20T16:30:27","guid":{"rendered":"https:\/\/www.hsotto.ca\/work\/memorial\/commentaires\/"},"modified":"2025-01-30T11:21:20","modified_gmt":"2025-01-30T16:21:20","slug":"commentaires","status":"publish","type":"page","link":"https:\/\/memoriadelpozo.uqam.ca\/fr\/commentaires\/","title":{"rendered":"Commentaires"},"content":{"rendered":"<p>Mes f\u00e9licitations pour avoir \u00e9labor\u00e9 ce Memorial et l&rsquo;avoir rendu accessible sur ce site. J&rsquo;en ai appris sur ta m\u00e8re et ta belle-m\u00e8re gr\u00e2ce \u00e0 ces deux t\u00e9moignages de leurs filles. J&rsquo;ai retrouv\u00e9 Yves LaNeuville et Robert Qu\u00e9villon, venus au Chili comme missionnaires. Hugo Mart\u00ednez Urrutia m&rsquo;avait recrut\u00e9 pour que je r\u00e9dige des articles (en espagnol) sur l&rsquo;actualit\u00e9 centre-am\u00e9ricaine dans les ann\u00e9es 80 dans son p\u00e9riodique El Correo. J&rsquo;ignorais qu&rsquo;il \u00e9tait d\u00e9c\u00e9d\u00e9.<\/p>\n<p>Claude Morin, d\u00e9cembre 2024<\/p>\n","protected":false},"excerpt":{"rendered":"<p>Mes f\u00e9licitations pour avoir \u00e9labor\u00e9 ce Memorial et l&rsquo;avoir rendu accessible sur ce site. J&rsquo;en ai appris sur ta m\u00e8re et ta belle-m\u00e8re gr\u00e2ce \u00e0 ces deux t\u00e9moignages de leurs filles. J&rsquo;ai retrouv\u00e9 Yves LaNeuville et Robert Qu\u00e9villon, venus au Chili comme missionnaires. Hugo Mart\u00ednez Urrutia m&rsquo;avait recrut\u00e9 pour que je r\u00e9dige des articles (en<a class=\"excerpt-read-more\" href=\"https:\/\/memoriadelpozo.uqam.ca\/fr\/commentaires\/\" title=\"ReadCommentaires\">&#8230; Read more &raquo;<\/a><\/p>\n","protected":false},"author":1,"featured_media":0,"parent":0,"menu_order":0,"comment_status":"closed","ping_status":"closed","template":"","meta":{"_acf_changed":false,"footnotes":""},"class_list":["post-337","page","type-page","status-publish","hentry"],"acf":[],"_links":{"self":[{"href":"https:\/\/memoriadelpozo.uqam.ca\/fr\/wp-json\/wp\/v2\/pages\/337","targetHints":{"allow":["GET"]}}],"collection":[{"href":"https:\/\/memoriadelpozo.uqam.ca\/fr\/wp-json\/wp\/v2\/pages"}],"about":[{"href":"https:\/\/memoriadelpozo.uqam.ca\/fr\/wp-json\/wp\/v2\/types\/page"}],"author":[{"embeddable":true,"href":"https:\/\/memoriadelpozo.uqam.ca\/fr\/wp-json\/wp\/v2\/users\/1"}],"replies":[{"embeddable":true,"href":"https:\/\/memoriadelpozo.uqam.ca\/fr\/wp-json\/wp\/v2\/comments?post=337"}],"version-history":[{"count":5,"href":"https:\/\/memoriadelpozo.uqam.ca\/fr\/wp-json\/wp\/v2\/pages\/337\/revisions"}],"predecessor-version":[{"id":1085,"href":"https:\/\/memoriadelpozo.uqam.ca\/fr\/wp-json\/wp\/v2\/pages\/337\/revisions\/1085"}],"wp:attachment":[{"href":"https:\/\/memoriadelpozo.uqam.ca\/fr\/wp-json\/wp\/v2\/media?parent=337"}],"curies":[{"name":"wp","href":"https:\/\/api.w.org\/{rel}","templated":true}]}}