{"id":333,"date":"2024-06-14T06:58:36","date_gmt":"2024-06-14T10:58:36","guid":{"rendered":"https:\/\/www.hsotto.ca\/work\/memorial\/chronologie\/"},"modified":"2025-11-12T11:52:21","modified_gmt":"2025-11-12T16:52:21","slug":"chronologie","status":"publish","type":"page","link":"https:\/\/memoriadelpozo.uqam.ca\/fr\/chronologie\/","title":{"rendered":"Chronologie"},"content":{"rendered":"<p>1930 : nomination du premier consul honoraire du Chili \u00e0 Montr\u00e9al.<\/p>\n<p>1941: le Canada et le Chili \u00e9tablissent des relations diplomatiques, \u00e0 niveau consulaire.<\/p>\n<p>1944 : Ouverture des premi\u00e8res ambassades.<\/p>\n<p>1961-70 : selon les recensements, 140 personnes originaires du Chili habitent au Qu\u00e9bec.<\/p>\n<p>1973 (11-09): Un coup d&rsquo;\u00c9tat renverse le gouvernement de Salvador Allende, causant sa mort. La dictature prend le pouvoir jusqu&rsquo;en mars 1990.<\/p>\n<p>1973-1978: environ 3,000 Chiliens-nes arrivent au Qu\u00e9bec, suite au coup d&rsquo;\u00c9tat.<\/p>\n<p>1976 (24-02) Pascual Araya, ouvrier agricole de Copiap\u00f3, militant socialiste, meurt \u00e0 Lemoyne (Longueuil), deux mois apr\u00e8s son arriv\u00e9e au Qu\u00e9bec, \u00e0 cause des tortures subies au Chili. Il est le premier Chilien d\u00e9c\u00e9d\u00e9 au Qu\u00e9bec comme cons\u00e9quence directe de la r\u00e9pression exerc\u00e9e par la dictature.<\/p>\n<p>1977: \u00c0 l&rsquo;universit\u00e9 Laval, inauguration d&rsquo;une murale sur l&rsquo;exp\u00e9rience de l&rsquo;Unit\u00e9 populaire, peinte par les artistes Carlos Le\u00f3n et Sergio Cu\u00e9llar, premi\u00e8re oeuvre d&rsquo;art public des Chiliens au Qu\u00e9bec.<\/p>\n<p>1978 (mai-juin) Un groupe de Chiliens et d&rsquo;autres nationalit\u00e9s font une gr\u00e8ve de la faim \u00e0 Montr\u00e9al, suivant un mouvement commenc\u00e9 au Chili, afin d&rsquo;obtenir de la dictature des informations sur le sort des d\u00e9tenus-disparus<\/p>\n<p>1982: Jorge Mart\u00ednez re\u00e7oit le prix d&rsquo;excellence de l&rsquo;Ordre des architectes du Qu\u00e9bec pour sa r\u00e9sidence \u00e0 St-Bruno de Montarville.<\/p>\n<p>1983: La cin\u00e9aste Maril\u00fa Mallet obtient le prix de la critique qu\u00e9b\u00e9coise pour son film <em>Journal inachev\u00e9, <\/em>qui re\u00e7oit aussi un prix sp\u00e9cial au Festival de Biarritz.<\/p>\n<p>1983 (Mai): D\u00e9but des protestations massives contre la dictature au Chili.<\/p>\n<p>1986 (17-09) Carmen Quintana, la jeune femme br\u00fbl\u00e9e par les militaires au Chili, conjointement avec Rodrigo Rojas Denegri, d\u00e9c\u00e9d\u00e9, arrive \u00e0 Montr\u00e9al pour soigner ses blessures.<\/p>\n<p>1987 : Pinochet d\u00e9clare la fin de l\u2019exil.<\/p>\n<p>1988 (5-10) : les Chiliens votent \u00ab Non \u00bb lors du pl\u00e9biscite convoqu\u00e9 par la dictature, \u00e9vitant ainsi une prolongation du pouvoir de Pinochet.<\/p>\n<p>1989 (10-12): \u00e9lection au Chili du premier gouvernement d\u00e9mocratique depuis la dictature.<\/p>\n<p>1990 (ao\u00fbt) : le gouvernement chilien met sur pied le Bureau national du retour, avec le mandat de favoriser le retour des Chiliens ayant quitt\u00e9 le pays pendant la dictature, ainsi que leur r\u00e9int\u00e9gration sociale et professionnelle.<\/p>\n<p>1992 : Osvaldo N\u00fa\u00f1ez est \u00e9lu d\u00e9put\u00e9 f\u00e9d\u00e9ral dans le comt\u00e9 de Bourassa, dans le nord de Montr\u00e9al, devenant le premier Chilien et Latino-am\u00e9ricain \u00e0 si\u00e9ger au Parlement d\u2019Ottawa.<\/p>\n<p>1996 : signature d\u2019un trait\u00e9 de libre-\u00e9change entre le Canada et le Chili.<\/p>\n<p>1996-97: Patricio Salgado pr\u00e9side la F\u00e9d\u00e9ration \u00e9tudiante universitaire du Qu\u00e9bec (F\u00c9UQ).<\/p>\n<p>1998: publication du roman\u00a0<em>C\u00f4te-des-N\u00e8gres<\/em>, par Mauricio Segura (Bor\u00e9al), devenu un best-seller au Canada (20,000 copies) et un classique dans les C\u00e9geps et les \u00e9coles secondaires au Qu\u00e9bec.<\/p>\n<p>2000 : le r\u00e9alisateur Patricio Henr\u00edquez re\u00e7oit le prix Jutra, d\u00e9cern\u00e9 au meilleur documentaire fait au Qu\u00e9bec, pour son film <em>Images d&rsquo;une dictature<\/em>. Il remporte de nouveau ce prix en 2009 avec son film <em>Sous la cagoule, voyage au bout de la torture.<\/em><\/p>\n<p>2007 (septembre): L&rsquo;artiste peintre Sergio Guti\u00e9rrez met sur pied le collectif Artistes en arts visuels du nord de Montr\u00e9al (AAVNM) et ouvre la Galerie d&rsquo;art 3440, situ\u00e9e au m\u00eame num\u00e9ro de la rue Fleury est, lieu de rencontre et d&rsquo;activit\u00e9 des artistes de diverses origines.\u00a0 En 2019 il a, conjointement avec Jean-Paul Guiard, remport\u00e9 le prix du Gouverneur g\u00e9n\u00e9ral pour l&rsquo;excellence des programmes communautaires pour son projet <em>Mon v\u00e9lo raconte<\/em>.<\/p>\n<p>2008: l&rsquo;artiste peintre Silvia Araya est d\u00e9cor\u00e9e de l&rsquo;insigne de chevalier de l&rsquo;Ordre national du Qu\u00e9bec pour sa contribution \u00e0 la vie culturelle de la province.<\/p>\n<p>2009: Orlando Arriagada re\u00e7oit le prix G\u00e9meaux de la diversit\u00e9 comme producteur du documentaire <em>La couleur du temps.<\/em><\/p>\n<p>2009 (11-09) : inauguration de l&rsquo;\u00abArc\u00bb, sculpture de l&rsquo;artiste Michel de Broin, au parc Jean Drapeau de l&rsquo;\u00eele Notre-Dame, en hommage \u00e0 Salvador Allende et en m\u00e9moire du coup d&rsquo;\u00c9tat.<\/p>\n<p>2011 (2-05): Paulina Ayala est \u00e9lue d\u00e9put\u00e9e f\u00e9d\u00e9rale pour le Nouveau parti d\u00e9mocratique dans le comt\u00e9 d&rsquo;Honor\u00e9-Mercier sur l&rsquo;\u00eele de Montr\u00e9al.<\/p>\n<p>2011: Juan Luis Klein, professeur du d\u00e9partement de g\u00e9ographie, obtient le prix d&rsquo;excellence en enseignement \u00e0 la Facult\u00e9 des sciences humaines de l&rsquo;UQAM.<\/p>\n<p>2014: Juan Schneider, sp\u00e9cialiste de la nanotechnologie,\u00a0 fonde Nanogrande, PME qui fabrique et commercialise deux mod\u00e8les d&rsquo;imprimantes 3D, capables de cr\u00e9er des pi\u00e8ces complexes, destin\u00e9es au secteur m\u00e9dical, a\u00e9rospatial\u00a0 et de la micro\u00e9lectronique. Son \u00e9quipe a gagn\u00e9 plusieurs prix dans divers pays pour leurs solutions de fabrication de micro et nanosurfaces.<\/p>\n<p>2018 : Andr\u00e9s Fontecilla est \u00e9lu d\u00e9put\u00e9 provincial dans le comt\u00e9 de Laurier-Dorion sur l&rsquo;\u00eele de Montr\u00e9al, devenant le premier Chilien \u00e0 si\u00e9ger \u00e0 l&rsquo;Assembl\u00e9e nationale. Il est r\u00e9elu en 2022.<\/p>\n<p>2021 : selon le recensement de cette ann\u00e9e, il y avait au Qu\u00e9bec 8,530 personnes n\u00e9es au Chili et 25,557 dans l\u2019ensemble du Canada. Dans la cat\u00e9gorie \u00ab chiliens d\u2019origine ethnique \u00bb (n\u00e9s ici de p\u00e8re ou\/et m\u00e8re chiliens), on en d\u00e9nombrait 14,420 au Qu\u00e9bec, et 45,685 au Canada.<\/p>\n<p>2021: Nicholas Dawson obtient le Grand Prix du livre de Montr\u00e9al pour son essai <em>D\u00e9sormais, ma demeure.<\/em><\/p>\n<p>2022: Caroline Dawson re\u00e7oit le prix litt\u00e9raire octroy\u00e9 par les \u00e9tudiants de niveau coll\u00e9gial pour son roman <em>L\u00e0 o\u00f9 je me terre<\/em>, publi\u00e9 en 2020.<\/p>\n<p>2023 (juillet) la d\u00e9put\u00e9e Soraya Mart\u00ednez Ferrada est nomm\u00e9e ministre du tourisme par le gouvernement f\u00e9d\u00e9ral, devenant la premi\u00e8re personne n\u00e9e au Chili \u00e0 occuper ce poste.<\/p>\n<p>2023 (11-09) : L\u2019Assembl\u00e9e nationale adopte \u00e0 l\u2019unanimit\u00e9 une motion pr\u00e9sent\u00e9e par le d\u00e9put\u00e9 Andr\u00e9s Fontecilla, soulignant le 50e anniversaire du coup d\u2019\u00c9tat au Chili, l\u2019arriv\u00e9e massive d\u2019exil\u00e9s chiliens et la solidarit\u00e9 d\u00e9ploy\u00e9e par la soci\u00e9t\u00e9 qu\u00e9b\u00e9coise en faveur des pers\u00e9cut\u00e9s par la dictature.<\/p>\n<p>2024 (13\/04) Le relationniste Felipe Del Pozo re\u00e7oit un hommage lors de ses 35 ans de carri\u00e8re dans l&rsquo;industrie des arts et des spectacles \u00e0 l&rsquo;occasion de l&rsquo;attribution des prix Influencia \u00e0 Toronto, qui souligne la diversit\u00e9 et le talent des hispanophones au Canada.<\/p>\n<p>2024 (05\/10) Andr\u00e9 Jacob, professeur retrait\u00e9 (Universit\u00e9 Laval et Universit\u00e9 du Qu\u00e9bec \u00e0 Montr\u00e9al), re\u00e7oit un hommage pour sa participation, avec son \u00e9pouse Ir\u00e8ne Drolet,\u00a0 \u00e0\u00a0 l&rsquo;accueil aux Chiliens lorsque ces derniers arrivaient au Qu\u00e9bec suite au coup d&rsquo;\u00c9tat de 1973 . On a aussi soulign\u00e9 son engagement constant pour la paix, la d\u00e9mocratie et\u00a0 la justice au Chili et dans d&rsquo;autres pays.<\/p>\n<p>2025 (02\/11) Soraya Mart\u00ednez Ferrada est \u00e9lue mairesse de Montr\u00e9al, devenant la premi\u00e8re personne issue de l&rsquo;immigration \u00e0 occuper ce poste.<\/p>\n","protected":false},"excerpt":{"rendered":"<p>1930 : nomination du premier consul honoraire du Chili \u00e0 Montr\u00e9al. 1941: le Canada et le Chili \u00e9tablissent des relations diplomatiques, \u00e0 niveau consulaire. 1944 : Ouverture des premi\u00e8res ambassades. 1961-70 : selon les recensements, 140 personnes originaires du Chili habitent au Qu\u00e9bec. 1973 (11-09): Un coup d&rsquo;\u00c9tat renverse le gouvernement de Salvador Allende, causant<a class=\"excerpt-read-more\" href=\"https:\/\/memoriadelpozo.uqam.ca\/fr\/chronologie\/\" title=\"ReadChronologie\">&#8230; Read more &raquo;<\/a><\/p>\n","protected":false},"author":1,"featured_media":0,"parent":0,"menu_order":0,"comment_status":"closed","ping_status":"closed","template":"","meta":{"_acf_changed":false,"footnotes":""},"class_list":["post-333","page","type-page","status-publish","hentry"],"acf":[],"_links":{"self":[{"href":"https:\/\/memoriadelpozo.uqam.ca\/fr\/wp-json\/wp\/v2\/pages\/333","targetHints":{"allow":["GET"]}}],"collection":[{"href":"https:\/\/memoriadelpozo.uqam.ca\/fr\/wp-json\/wp\/v2\/pages"}],"about":[{"href":"https:\/\/memoriadelpozo.uqam.ca\/fr\/wp-json\/wp\/v2\/types\/page"}],"author":[{"embeddable":true,"href":"https:\/\/memoriadelpozo.uqam.ca\/fr\/wp-json\/wp\/v2\/users\/1"}],"replies":[{"embeddable":true,"href":"https:\/\/memoriadelpozo.uqam.ca\/fr\/wp-json\/wp\/v2\/comments?post=333"}],"version-history":[{"count":35,"href":"https:\/\/memoriadelpozo.uqam.ca\/fr\/wp-json\/wp\/v2\/pages\/333\/revisions"}],"predecessor-version":[{"id":1167,"href":"https:\/\/memoriadelpozo.uqam.ca\/fr\/wp-json\/wp\/v2\/pages\/333\/revisions\/1167"}],"wp:attachment":[{"href":"https:\/\/memoriadelpozo.uqam.ca\/fr\/wp-json\/wp\/v2\/media?parent=333"}],"curies":[{"name":"wp","href":"https:\/\/api.w.org\/{rel}","templated":true}]}}